{"id":3744,"date":"2025-01-03T09:25:20","date_gmt":"2025-01-03T14:25:20","guid":{"rendered":"https:\/\/mmn.com.pe\/tour\/?post_type=product&#038;p=3744"},"modified":"2025-12-31T11:12:27","modified_gmt":"2025-12-31T16:12:27","slug":"visita","status":"publish","type":"product","link":"https:\/\/mmn.com.pe\/tour\/programar\/visita\/","title":{"rendered":"Tour"},"content":{"rendered":"","protected":false},"excerpt":{"rendered":"","protected":false},"featured_media":0,"template":"","meta":{"_monsterinsights_skip_tracking":false,"_monsterinsights_sitenote_active":false,"_monsterinsights_sitenote_note":"","_monsterinsights_sitenote_category":0,"_joinchat":[]},"product_brand":[],"product_cat":[56],"product_tag":[],"class_list":{"0":"post-3744","1":"product","2":"type-product","3":"status-publish","5":"product_cat-tour","7":"first","8":"instock","9":"virtual","10":"purchasable","11":"product-type-appointment"},"yoast_head":"<!-- This site is optimized with the Yoast SEO Premium plugin v24.6 (Yoast SEO v24.6) - https:\/\/yoast.com\/wordpress\/plugins\/seo\/ -->\n<title>Tour - Bodega Najar<\/title>\n<meta name=\"robots\" content=\"index, follow, max-snippet:-1, max-image-preview:large, max-video-preview:-1\" \/>\n<link rel=\"canonical\" href=\"https:\/\/mmn.com.pe\/tour\/programar\/visita\/\" \/>\n<meta property=\"og:locale\" content=\"es_ES\" \/>\n<meta property=\"og:type\" content=\"article\" \/>\n<meta property=\"og:title\" content=\"Tour\" \/>\n<meta property=\"og:url\" content=\"https:\/\/mmn.com.pe\/tour\/programar\/visita\/\" \/>\n<meta property=\"og:site_name\" content=\"Bodega Najar\" \/>\n<meta property=\"article:publisher\" content=\"https:\/\/www.facebook.com\/AnisNajarPeru\/\" \/>\n<meta property=\"article:modified_time\" content=\"2025-12-31T16:12:27+00:00\" \/>\n<meta name=\"twitter:card\" content=\"summary_large_image\" \/>\n<script type=\"application\/ld+json\" class=\"yoast-schema-graph\">{\"@context\":\"https:\/\/schema.org\",\"@graph\":[{\"@type\":\"WebPage\",\"@id\":\"https:\/\/mmn.com.pe\/tour\/programar\/visita\/\",\"url\":\"https:\/\/mmn.com.pe\/tour\/programar\/visita\/\",\"name\":\"Tour - Bodega Najar\",\"isPartOf\":{\"@id\":\"https:\/\/mmn.com.pe\/tour\/#website\"},\"datePublished\":\"2025-01-03T14:25:20+00:00\",\"dateModified\":\"2025-12-31T16:12:27+00:00\",\"breadcrumb\":{\"@id\":\"https:\/\/mmn.com.pe\/tour\/programar\/visita\/#breadcrumb\"},\"inLanguage\":\"es\",\"potentialAction\":[{\"@type\":\"ReadAction\",\"target\":[\"https:\/\/mmn.com.pe\/tour\/programar\/visita\/\"]}]},{\"@type\":\"BreadcrumbList\",\"@id\":\"https:\/\/mmn.com.pe\/tour\/programar\/visita\/#breadcrumb\",\"itemListElement\":[{\"@type\":\"ListItem\",\"position\":1,\"name\":\"Home\",\"item\":\"https:\/\/mmn.com.pe\/tour\/\"},{\"@type\":\"ListItem\",\"position\":2,\"name\":\"Productos\",\"item\":\"https:\/\/mmn.com.pe\/tour\/productos\/\"},{\"@type\":\"ListItem\",\"position\":3,\"name\":\"Tour\"}]},{\"@type\":\"WebSite\",\"@id\":\"https:\/\/mmn.com.pe\/tour\/#website\",\"url\":\"https:\/\/mmn.com.pe\/tour\/\",\"name\":\"Bodega Najar\",\"description\":\"Todo comenz\u00f3 hace m\u00e1s de un siglo en el antiguo distrito conocido como la Pampa de Miraflores en Arequipa en 1854 por Don Pedro Mu\u00f1oz - Najar\",\"publisher\":{\"@id\":\"https:\/\/mmn.com.pe\/tour\/#organization\"},\"potentialAction\":[{\"@type\":\"SearchAction\",\"target\":{\"@type\":\"EntryPoint\",\"urlTemplate\":\"https:\/\/mmn.com.pe\/tour\/?s={search_term_string}\"},\"query-input\":{\"@type\":\"PropertyValueSpecification\",\"valueRequired\":true,\"valueName\":\"search_term_string\"}}],\"inLanguage\":\"es\"},{\"@type\":\"Organization\",\"@id\":\"https:\/\/mmn.com.pe\/tour\/#organization\",\"name\":\"Bodega Najar\",\"url\":\"https:\/\/mmn.com.pe\/tour\/\",\"logo\":{\"@type\":\"ImageObject\",\"inLanguage\":\"es\",\"@id\":\"https:\/\/mmn.com.pe\/tour\/#\/schema\/logo\/image\/\",\"url\":\"https:\/\/mmn.com.pe\/tour\/wp-content\/uploads\/2024\/03\/logo_negro.png\",\"contentUrl\":\"https:\/\/mmn.com.pe\/tour\/wp-content\/uploads\/2024\/03\/logo_negro.png\",\"width\":542,\"height\":334,\"caption\":\"Bodega Najar\"},\"image\":{\"@id\":\"https:\/\/mmn.com.pe\/tour\/#\/schema\/logo\/image\/\"},\"sameAs\":[\"https:\/\/www.facebook.com\/AnisNajarPeru\/\",\"https:\/\/www.instagram.com\/anisnajarpe\/\",\"https:\/\/www.tiktok.com\/@bodeganajar\"]}]}<\/script>\n<!-- \/ Yoast SEO Premium plugin. -->","yoast_head_json":{"title":"Tour - Bodega Najar","robots":{"index":"index","follow":"follow","max-snippet":"max-snippet:-1","max-image-preview":"max-image-preview:large","max-video-preview":"max-video-preview:-1"},"canonical":"https:\/\/mmn.com.pe\/tour\/programar\/visita\/","og_locale":"es_ES","og_type":"article","og_title":"Tour","og_url":"https:\/\/mmn.com.pe\/tour\/programar\/visita\/","og_site_name":"Bodega Najar","article_publisher":"https:\/\/www.facebook.com\/AnisNajarPeru\/","article_modified_time":"2025-12-31T16:12:27+00:00","twitter_card":"summary_large_image","schema":{"@context":"https:\/\/schema.org","@graph":[{"@type":"WebPage","@id":"https:\/\/mmn.com.pe\/tour\/programar\/visita\/","url":"https:\/\/mmn.com.pe\/tour\/programar\/visita\/","name":"Tour - Bodega Najar","isPartOf":{"@id":"https:\/\/mmn.com.pe\/tour\/#website"},"datePublished":"2025-01-03T14:25:20+00:00","dateModified":"2025-12-31T16:12:27+00:00","breadcrumb":{"@id":"https:\/\/mmn.com.pe\/tour\/programar\/visita\/#breadcrumb"},"inLanguage":"es","potentialAction":[{"@type":"ReadAction","target":["https:\/\/mmn.com.pe\/tour\/programar\/visita\/"]}]},{"@type":"BreadcrumbList","@id":"https:\/\/mmn.com.pe\/tour\/programar\/visita\/#breadcrumb","itemListElement":[{"@type":"ListItem","position":1,"name":"Home","item":"https:\/\/mmn.com.pe\/tour\/"},{"@type":"ListItem","position":2,"name":"Productos","item":"https:\/\/mmn.com.pe\/tour\/productos\/"},{"@type":"ListItem","position":3,"name":"Tour"}]},{"@type":"WebSite","@id":"https:\/\/mmn.com.pe\/tour\/#website","url":"https:\/\/mmn.com.pe\/tour\/","name":"Bodega Najar","description":"Todo comenz\u00f3 hace m\u00e1s de un siglo en el antiguo distrito conocido como la Pampa de Miraflores en Arequipa en 1854 por Don Pedro Mu\u00f1oz - Najar","publisher":{"@id":"https:\/\/mmn.com.pe\/tour\/#organization"},"potentialAction":[{"@type":"SearchAction","target":{"@type":"EntryPoint","urlTemplate":"https:\/\/mmn.com.pe\/tour\/?s={search_term_string}"},"query-input":{"@type":"PropertyValueSpecification","valueRequired":true,"valueName":"search_term_string"}}],"inLanguage":"es"},{"@type":"Organization","@id":"https:\/\/mmn.com.pe\/tour\/#organization","name":"Bodega Najar","url":"https:\/\/mmn.com.pe\/tour\/","logo":{"@type":"ImageObject","inLanguage":"es","@id":"https:\/\/mmn.com.pe\/tour\/#\/schema\/logo\/image\/","url":"https:\/\/mmn.com.pe\/tour\/wp-content\/uploads\/2024\/03\/logo_negro.png","contentUrl":"https:\/\/mmn.com.pe\/tour\/wp-content\/uploads\/2024\/03\/logo_negro.png","width":542,"height":334,"caption":"Bodega Najar"},"image":{"@id":"https:\/\/mmn.com.pe\/tour\/#\/schema\/logo\/image\/"},"sameAs":["https:\/\/www.facebook.com\/AnisNajarPeru\/","https:\/\/www.instagram.com\/anisnajarpe\/","https:\/\/www.tiktok.com\/@bodeganajar"]}]}},"_links":{"self":[{"href":"https:\/\/mmn.com.pe\/tour\/wp-json\/wp\/v2\/product\/3744"}],"collection":[{"href":"https:\/\/mmn.com.pe\/tour\/wp-json\/wp\/v2\/product"}],"about":[{"href":"https:\/\/mmn.com.pe\/tour\/wp-json\/wp\/v2\/types\/product"}],"wp:attachment":[{"href":"https:\/\/mmn.com.pe\/tour\/wp-json\/wp\/v2\/media?parent=3744"}],"wp:term":[{"taxonomy":"product_brand","embeddable":true,"href":"https:\/\/mmn.com.pe\/tour\/wp-json\/wp\/v2\/product_brand?post=3744"},{"taxonomy":"product_cat","embeddable":true,"href":"https:\/\/mmn.com.pe\/tour\/wp-json\/wp\/v2\/product_cat?post=3744"},{"taxonomy":"product_tag","embeddable":true,"href":"https:\/\/mmn.com.pe\/tour\/wp-json\/wp\/v2\/product_tag?post=3744"}],"curies":[{"name":"wp","href":"https:\/\/api.w.org\/{rel}","templated":true}]}}