{"id":4053,"date":"2025-08-29T21:11:23","date_gmt":"2025-08-30T02:11:23","guid":{"rendered":"https:\/\/mmn.com.pe\/tour\/my-ticket\/"},"modified":"2025-08-29T21:11:23","modified_gmt":"2025-08-30T02:11:23","slug":"my-ticket","status":"publish","type":"page","link":"https:\/\/mmn.com.pe\/tour\/my-ticket\/","title":{"rendered":"My Ticket"},"content":{"rendered":"No field defined for this product.\n","protected":false},"excerpt":{"rendered":"","protected":false},"author":1,"featured_media":0,"parent":0,"menu_order":0,"comment_status":"closed","ping_status":"closed","template":"","meta":{"_monsterinsights_skip_tracking":false,"_monsterinsights_sitenote_active":false,"_monsterinsights_sitenote_note":"","_monsterinsights_sitenote_category":0,"_joinchat":[],"footnotes":""},"class_list":["post-4053","page","type-page","status-publish","hentry"],"yoast_head":"<!-- This site is optimized with the Yoast SEO Premium plugin v24.6 (Yoast SEO v24.6) - https:\/\/yoast.com\/wordpress\/plugins\/seo\/ -->\n<title>My Ticket - Bodega Najar<\/title>\n<meta name=\"robots\" content=\"index, follow, max-snippet:-1, max-image-preview:large, max-video-preview:-1\" \/>\n<link rel=\"canonical\" href=\"https:\/\/mmn.com.pe\/tour\/my-ticket\/\" \/>\n<meta property=\"og:locale\" content=\"es_ES\" \/>\n<meta property=\"og:type\" content=\"article\" \/>\n<meta property=\"og:title\" content=\"My Ticket\" \/>\n<meta property=\"og:url\" content=\"https:\/\/mmn.com.pe\/tour\/my-ticket\/\" \/>\n<meta property=\"og:site_name\" content=\"Bodega Najar\" \/>\n<meta property=\"article:publisher\" content=\"https:\/\/www.facebook.com\/AnisNajarPeru\/\" \/>\n<meta name=\"twitter:card\" content=\"summary_large_image\" \/>\n<script type=\"application\/ld+json\" class=\"yoast-schema-graph\">{\"@context\":\"https:\/\/schema.org\",\"@graph\":[{\"@type\":\"WebPage\",\"@id\":\"https:\/\/mmn.com.pe\/tour\/my-ticket\/\",\"url\":\"https:\/\/mmn.com.pe\/tour\/my-ticket\/\",\"name\":\"My Ticket - Bodega Najar\",\"isPartOf\":{\"@id\":\"https:\/\/mmn.com.pe\/tour\/#website\"},\"datePublished\":\"2025-08-30T02:11:23+00:00\",\"breadcrumb\":{\"@id\":\"https:\/\/mmn.com.pe\/tour\/my-ticket\/#breadcrumb\"},\"inLanguage\":\"es\",\"potentialAction\":[{\"@type\":\"ReadAction\",\"target\":[\"https:\/\/mmn.com.pe\/tour\/my-ticket\/\"]}]},{\"@type\":\"BreadcrumbList\",\"@id\":\"https:\/\/mmn.com.pe\/tour\/my-ticket\/#breadcrumb\",\"itemListElement\":[{\"@type\":\"ListItem\",\"position\":1,\"name\":\"Home\",\"item\":\"https:\/\/mmn.com.pe\/tour\/\"},{\"@type\":\"ListItem\",\"position\":2,\"name\":\"My Ticket\"}]},{\"@type\":\"WebSite\",\"@id\":\"https:\/\/mmn.com.pe\/tour\/#website\",\"url\":\"https:\/\/mmn.com.pe\/tour\/\",\"name\":\"Bodega Najar\",\"description\":\"Todo comenz\u00f3 hace m\u00e1s de un siglo en el antiguo distrito conocido como la Pampa de Miraflores en Arequipa en 1854 por Don Pedro Mu\u00f1oz - Najar\",\"publisher\":{\"@id\":\"https:\/\/mmn.com.pe\/tour\/#organization\"},\"potentialAction\":[{\"@type\":\"SearchAction\",\"target\":{\"@type\":\"EntryPoint\",\"urlTemplate\":\"https:\/\/mmn.com.pe\/tour\/?s={search_term_string}\"},\"query-input\":{\"@type\":\"PropertyValueSpecification\",\"valueRequired\":true,\"valueName\":\"search_term_string\"}}],\"inLanguage\":\"es\"},{\"@type\":\"Organization\",\"@id\":\"https:\/\/mmn.com.pe\/tour\/#organization\",\"name\":\"Bodega Najar\",\"url\":\"https:\/\/mmn.com.pe\/tour\/\",\"logo\":{\"@type\":\"ImageObject\",\"inLanguage\":\"es\",\"@id\":\"https:\/\/mmn.com.pe\/tour\/#\/schema\/logo\/image\/\",\"url\":\"https:\/\/mmn.com.pe\/tour\/wp-content\/uploads\/2024\/03\/logo_negro.png\",\"contentUrl\":\"https:\/\/mmn.com.pe\/tour\/wp-content\/uploads\/2024\/03\/logo_negro.png\",\"width\":542,\"height\":334,\"caption\":\"Bodega Najar\"},\"image\":{\"@id\":\"https:\/\/mmn.com.pe\/tour\/#\/schema\/logo\/image\/\"},\"sameAs\":[\"https:\/\/www.facebook.com\/AnisNajarPeru\/\",\"https:\/\/www.instagram.com\/anisnajarpe\/\",\"https:\/\/www.tiktok.com\/@bodeganajar\"]}]}<\/script>\n<!-- \/ Yoast SEO Premium plugin. -->","yoast_head_json":{"title":"My Ticket - Bodega Najar","robots":{"index":"index","follow":"follow","max-snippet":"max-snippet:-1","max-image-preview":"max-image-preview:large","max-video-preview":"max-video-preview:-1"},"canonical":"https:\/\/mmn.com.pe\/tour\/my-ticket\/","og_locale":"es_ES","og_type":"article","og_title":"My Ticket","og_url":"https:\/\/mmn.com.pe\/tour\/my-ticket\/","og_site_name":"Bodega Najar","article_publisher":"https:\/\/www.facebook.com\/AnisNajarPeru\/","twitter_card":"summary_large_image","schema":{"@context":"https:\/\/schema.org","@graph":[{"@type":"WebPage","@id":"https:\/\/mmn.com.pe\/tour\/my-ticket\/","url":"https:\/\/mmn.com.pe\/tour\/my-ticket\/","name":"My Ticket - Bodega Najar","isPartOf":{"@id":"https:\/\/mmn.com.pe\/tour\/#website"},"datePublished":"2025-08-30T02:11:23+00:00","breadcrumb":{"@id":"https:\/\/mmn.com.pe\/tour\/my-ticket\/#breadcrumb"},"inLanguage":"es","potentialAction":[{"@type":"ReadAction","target":["https:\/\/mmn.com.pe\/tour\/my-ticket\/"]}]},{"@type":"BreadcrumbList","@id":"https:\/\/mmn.com.pe\/tour\/my-ticket\/#breadcrumb","itemListElement":[{"@type":"ListItem","position":1,"name":"Home","item":"https:\/\/mmn.com.pe\/tour\/"},{"@type":"ListItem","position":2,"name":"My Ticket"}]},{"@type":"WebSite","@id":"https:\/\/mmn.com.pe\/tour\/#website","url":"https:\/\/mmn.com.pe\/tour\/","name":"Bodega Najar","description":"Todo comenz\u00f3 hace m\u00e1s de un siglo en el antiguo distrito conocido como la Pampa de Miraflores en Arequipa en 1854 por Don Pedro Mu\u00f1oz - Najar","publisher":{"@id":"https:\/\/mmn.com.pe\/tour\/#organization"},"potentialAction":[{"@type":"SearchAction","target":{"@type":"EntryPoint","urlTemplate":"https:\/\/mmn.com.pe\/tour\/?s={search_term_string}"},"query-input":{"@type":"PropertyValueSpecification","valueRequired":true,"valueName":"search_term_string"}}],"inLanguage":"es"},{"@type":"Organization","@id":"https:\/\/mmn.com.pe\/tour\/#organization","name":"Bodega Najar","url":"https:\/\/mmn.com.pe\/tour\/","logo":{"@type":"ImageObject","inLanguage":"es","@id":"https:\/\/mmn.com.pe\/tour\/#\/schema\/logo\/image\/","url":"https:\/\/mmn.com.pe\/tour\/wp-content\/uploads\/2024\/03\/logo_negro.png","contentUrl":"https:\/\/mmn.com.pe\/tour\/wp-content\/uploads\/2024\/03\/logo_negro.png","width":542,"height":334,"caption":"Bodega Najar"},"image":{"@id":"https:\/\/mmn.com.pe\/tour\/#\/schema\/logo\/image\/"},"sameAs":["https:\/\/www.facebook.com\/AnisNajarPeru\/","https:\/\/www.instagram.com\/anisnajarpe\/","https:\/\/www.tiktok.com\/@bodeganajar"]}]}},"_links":{"self":[{"href":"https:\/\/mmn.com.pe\/tour\/wp-json\/wp\/v2\/pages\/4053"}],"collection":[{"href":"https:\/\/mmn.com.pe\/tour\/wp-json\/wp\/v2\/pages"}],"about":[{"href":"https:\/\/mmn.com.pe\/tour\/wp-json\/wp\/v2\/types\/page"}],"author":[{"embeddable":true,"href":"https:\/\/mmn.com.pe\/tour\/wp-json\/wp\/v2\/users\/1"}],"replies":[{"embeddable":true,"href":"https:\/\/mmn.com.pe\/tour\/wp-json\/wp\/v2\/comments?post=4053"}],"version-history":[{"count":0,"href":"https:\/\/mmn.com.pe\/tour\/wp-json\/wp\/v2\/pages\/4053\/revisions"}],"wp:attachment":[{"href":"https:\/\/mmn.com.pe\/tour\/wp-json\/wp\/v2\/media?parent=4053"}],"curies":[{"name":"wp","href":"https:\/\/api.w.org\/{rel}","templated":true}]}}