{"id":3167,"date":"2024-08-09T11:56:05","date_gmt":"2024-08-09T16:56:05","guid":{"rendered":"https:\/\/mmn.com.pe\/tour\/?page_id=3167"},"modified":"2025-01-30T11:23:36","modified_gmt":"2025-01-30T16:23:36","slug":"politica-de-cambios-y-cancelaciones-de-reservas","status":"publish","type":"page","link":"https:\/\/mmn.com.pe\/tour\/politica-de-cambios-y-cancelaciones-de-reservas\/","title":{"rendered":"Pol\u00edtica de cambios y cancelaciones de reservas"},"content":{"rendered":"\t\t<div data-elementor-type=\"wp-page\" data-elementor-id=\"3167\" class=\"elementor elementor-3167\">\n\t\t\t\t\t\t<section data-particle_enable=\"false\" data-particle-mobile-disabled=\"false\" class=\"elementor-section elementor-top-section elementor-element elementor-element-cc6383b elementor-section-height-min-height elementor-section-full_width elementor-section-height-default elementor-section-items-middle\" data-id=\"cc6383b\" data-element_type=\"section\" data-settings=\"{&quot;background_background&quot;:&quot;classic&quot;,&quot;_ha_eqh_enable&quot;:false}\">\n\t\t\t\t\t\t\t<div class=\"elementor-background-overlay\"><\/div>\n\t\t\t\t\t\t\t<div class=\"elementor-container elementor-column-gap-no\">\n\t\t\t\t\t<div class=\"elementor-column elementor-col-100 elementor-top-column elementor-element elementor-element-217299e\" data-id=\"217299e\" data-element_type=\"column\">\n\t\t\t<div class=\"elementor-widget-wrap elementor-element-populated\">\n\t\t\t\t\t\t<section data-particle_enable=\"false\" data-particle-mobile-disabled=\"false\" class=\"elementor-section elementor-inner-section elementor-element elementor-element-eac1ce0 elementor-section-content-middle elementor-section-boxed elementor-section-height-default elementor-section-height-default\" data-id=\"eac1ce0\" data-element_type=\"section\" data-settings=\"{&quot;_ha_eqh_enable&quot;:false}\">\n\t\t\t\t\t\t<div class=\"elementor-container elementor-column-gap-default\">\n\t\t\t\t\t<div class=\"elementor-column elementor-col-100 elementor-inner-column elementor-element elementor-element-d25f003\" data-id=\"d25f003\" data-element_type=\"column\">\n\t\t\t<div class=\"elementor-widget-wrap elementor-element-populated\">\n\t\t\t\t\t\t<div class=\"elementor-element elementor-element-99a1f34 elementor-widget elementor-widget-heading\" data-id=\"99a1f34\" data-element_type=\"widget\" data-widget_type=\"heading.default\">\n\t\t\t\t<div class=\"elementor-widget-container\">\n\t\t\t<style>\/*! elementor - v3.19.0 - 28-02-2024 *\/\n.elementor-heading-title{padding:0;margin:0;line-height:1}.elementor-widget-heading .elementor-heading-title[class*=elementor-size-]>a{color:inherit;font-size:inherit;line-height:inherit}.elementor-widget-heading .elementor-heading-title.elementor-size-small{font-size:15px}.elementor-widget-heading .elementor-heading-title.elementor-size-medium{font-size:19px}.elementor-widget-heading .elementor-heading-title.elementor-size-large{font-size:29px}.elementor-widget-heading .elementor-heading-title.elementor-size-xl{font-size:39px}.elementor-widget-heading .elementor-heading-title.elementor-size-xxl{font-size:59px}<\/style><h1 class=\"elementor-heading-title elementor-size-default\">Centro de Experiencias<\/h1>\t\t<\/div>\n\t\t\t\t<\/div>\n\t\t\t\t<div class=\"elementor-element elementor-element-a1f751d elementor-widget elementor-widget-heading\" data-id=\"a1f751d\" data-element_type=\"widget\" data-widget_type=\"heading.default\">\n\t\t\t\t<div class=\"elementor-widget-container\">\n\t\t\t<h1 class=\"elementor-heading-title elementor-size-default\">N\u00e1jar<\/h1>\t\t<\/div>\n\t\t\t\t<\/div>\n\t\t\t\t\t<\/div>\n\t\t<\/div>\n\t\t\t\t\t<\/div>\n\t\t<\/section>\n\t\t\t\t\t<\/div>\n\t\t<\/div>\n\t\t\t\t\t<\/div>\n\t\t<\/section>\n\t\t<div data-particle_enable=\"false\" data-particle-mobile-disabled=\"false\" class=\"elementor-element elementor-element-ef20584 e-flex e-con-boxed e-con e-parent\" data-id=\"ef20584\" data-element_type=\"container\" data-settings=\"{&quot;content_width&quot;:&quot;boxed&quot;,&quot;_ha_eqh_enable&quot;:false}\" data-core-v316-plus=\"true\">\n\t\t\t\t\t<div class=\"e-con-inner\">\n\t\t\t\t<div class=\"elementor-element elementor-element-4161899 elementor-widget elementor-widget-text-editor\" data-id=\"4161899\" data-element_type=\"widget\" data-widget_type=\"text-editor.default\">\n\t\t\t\t<div class=\"elementor-widget-container\">\n\t\t\t<style>\/*! elementor - v3.19.0 - 28-02-2024 *\/\n.elementor-widget-text-editor.elementor-drop-cap-view-stacked .elementor-drop-cap{background-color:#69727d;color:#fff}.elementor-widget-text-editor.elementor-drop-cap-view-framed .elementor-drop-cap{color:#69727d;border:3px solid;background-color:transparent}.elementor-widget-text-editor:not(.elementor-drop-cap-view-default) .elementor-drop-cap{margin-top:8px}.elementor-widget-text-editor:not(.elementor-drop-cap-view-default) .elementor-drop-cap-letter{width:1em;height:1em}.elementor-widget-text-editor .elementor-drop-cap{float:left;text-align:center;line-height:1;font-size:50px}.elementor-widget-text-editor .elementor-drop-cap-letter{display:inline-block}<\/style>\t\t\t\t<ol><li><strong>Cancelaciones con anticipaci\u00f3n<\/strong><ul><li>Si la cancelaci\u00f3n se realiza con al menos <strong>48 horas de anticipaci\u00f3n<\/strong> a la fecha de la reserva, se reembolsar\u00e1 el <strong>100% del monto pagado<\/strong> o se podr\u00e1 reprogramar la visita sin costo adicional.<\/li><\/ul><\/li><li><strong>Cancelaciones con menos de 48 horas de anticipaci\u00f3n<\/strong><ul><li>Si la cancelaci\u00f3n se realiza entre <strong>24 y 48 horas antes<\/strong> de la reserva, se reembolsar\u00e1 el <strong>50% del monto pagado<\/strong> o se podr\u00e1 reprogramar la visita con un cargo adicional del <strong>10%<\/strong>.<\/li><li>Si la cancelaci\u00f3n se realiza con <strong>menos de 24 horas de anticipaci\u00f3n<\/strong>, no habr\u00e1 reembolso. Sin embargo, se podr\u00e1 reprogramar la visita con un <strong>cargo del 20%<\/strong> sobre el monto original de la reserva.<\/li><\/ul><\/li><li><strong>Inasistencia sin previo aviso<\/strong><ul><li>Si el cliente no se presenta en la fecha y hora de la reserva sin previa cancelaci\u00f3n, <strong>no habr\u00e1 reembolso ni posibilidad de reprogramaci\u00f3n<\/strong>.<\/li><\/ul><\/li><li><strong>Modificaciones de fecha<\/strong><ul><li>Se permite <strong>una reprogramaci\u00f3n<\/strong> sin costo adicional si la solicitud se realiza <strong>con al menos 48 horas de anticipaci\u00f3n<\/strong>.<\/li><li>Si la solicitud se realiza entre <strong>24 y 48 horas antes<\/strong>, se aplicar\u00e1 un cargo del <strong>10%<\/strong> del monto original.<\/li><li>No se permiten cambios de fecha con menos de <strong>24 horas de anticipaci\u00f3n<\/strong>.<\/li><\/ul><\/li><li><strong>Cancelaciones por parte de la empresa<\/strong><ul><li>En caso de cancelaci\u00f3n por parte del <strong>Centro de Experiencias Najar<\/strong>, se ofrecer\u00e1 la opci\u00f3n de <strong>reprogramar sin costo<\/strong> o un <strong>reembolso total<\/strong> del monto pagado.<\/li><\/ul><\/li><li><strong>Casos especiales<\/strong><ul><li>Situaciones de fuerza mayor (enfermedad, desastres naturales, etc.) ser\u00e1n evaluadas caso por caso para determinar si aplica un reembolso total o parcial.<\/li><\/ul><\/li><\/ol>\t\t\t\t\t\t<\/div>\n\t\t\t\t<\/div>\n\t\t\t\t\t<\/div>\n\t\t\t\t<\/div>\n\t\t\t\t<\/div>\n\t\t","protected":false},"excerpt":{"rendered":"<p>Centro de Experiencias N\u00e1jar Cancelaciones con anticipaci\u00f3n Si la cancelaci\u00f3n se realiza con al menos 48 horas de anticipaci\u00f3n a la fecha de la reserva, se reembolsar\u00e1 el 100% del monto pagado o se podr\u00e1 reprogramar la visita sin costo adicional. Cancelaciones con menos de 48 horas de anticipaci\u00f3n Si la cancelaci\u00f3n se realiza entre [&hellip;]<\/p>\n","protected":false},"author":1,"featured_media":0,"parent":0,"menu_order":0,"comment_status":"closed","ping_status":"closed","template":"","meta":{"_monsterinsights_skip_tracking":false,"_monsterinsights_sitenote_active":false,"_monsterinsights_sitenote_note":"","_monsterinsights_sitenote_category":0,"_joinchat":[],"footnotes":""},"class_list":["post-3167","page","type-page","status-publish","hentry"],"yoast_head":"<!-- This site is optimized with the Yoast SEO Premium plugin v24.6 (Yoast SEO v24.6) - https:\/\/yoast.com\/wordpress\/plugins\/seo\/ -->\n<title>Pol\u00edtica de cambios y cancelaciones de reservas - Bodega Najar<\/title>\n<meta name=\"robots\" content=\"index, follow, max-snippet:-1, max-image-preview:large, max-video-preview:-1\" \/>\n<link rel=\"canonical\" href=\"https:\/\/mmn.com.pe\/tour\/politica-de-cambios-y-cancelaciones-de-reservas\/\" \/>\n<meta property=\"og:locale\" content=\"es_ES\" \/>\n<meta property=\"og:type\" content=\"article\" \/>\n<meta property=\"og:title\" content=\"Pol\u00edtica de cambios y cancelaciones de reservas\" \/>\n<meta property=\"og:description\" content=\"Centro de Experiencias N\u00e1jar Cancelaciones con anticipaci\u00f3n Si la cancelaci\u00f3n se realiza con al menos 48 horas de anticipaci\u00f3n a la fecha de la reserva, se reembolsar\u00e1 el 100% del monto pagado o se podr\u00e1 reprogramar la visita sin costo adicional. Cancelaciones con menos de 48 horas de anticipaci\u00f3n Si la cancelaci\u00f3n se realiza entre [&hellip;]\" \/>\n<meta property=\"og:url\" content=\"https:\/\/mmn.com.pe\/tour\/politica-de-cambios-y-cancelaciones-de-reservas\/\" \/>\n<meta property=\"og:site_name\" content=\"Bodega Najar\" \/>\n<meta property=\"article:publisher\" content=\"https:\/\/www.facebook.com\/AnisNajarPeru\/\" \/>\n<meta property=\"article:modified_time\" content=\"2025-01-30T16:23:36+00:00\" \/>\n<meta name=\"twitter:card\" content=\"summary_large_image\" \/>\n<meta name=\"twitter:label1\" content=\"Tiempo de lectura\" \/>\n\t<meta name=\"twitter:data1\" content=\"1 minuto\" \/>\n<script type=\"application\/ld+json\" class=\"yoast-schema-graph\">{\"@context\":\"https:\/\/schema.org\",\"@graph\":[{\"@type\":\"WebPage\",\"@id\":\"https:\/\/mmn.com.pe\/tour\/politica-de-cambios-y-cancelaciones-de-reservas\/\",\"url\":\"https:\/\/mmn.com.pe\/tour\/politica-de-cambios-y-cancelaciones-de-reservas\/\",\"name\":\"Pol\u00edtica de cambios y cancelaciones de reservas - Bodega Najar\",\"isPartOf\":{\"@id\":\"https:\/\/mmn.com.pe\/tour\/#website\"},\"datePublished\":\"2024-08-09T16:56:05+00:00\",\"dateModified\":\"2025-01-30T16:23:36+00:00\",\"breadcrumb\":{\"@id\":\"https:\/\/mmn.com.pe\/tour\/politica-de-cambios-y-cancelaciones-de-reservas\/#breadcrumb\"},\"inLanguage\":\"es\",\"potentialAction\":[{\"@type\":\"ReadAction\",\"target\":[\"https:\/\/mmn.com.pe\/tour\/politica-de-cambios-y-cancelaciones-de-reservas\/\"]}]},{\"@type\":\"BreadcrumbList\",\"@id\":\"https:\/\/mmn.com.pe\/tour\/politica-de-cambios-y-cancelaciones-de-reservas\/#breadcrumb\",\"itemListElement\":[{\"@type\":\"ListItem\",\"position\":1,\"name\":\"Home\",\"item\":\"https:\/\/mmn.com.pe\/tour\/\"},{\"@type\":\"ListItem\",\"position\":2,\"name\":\"Pol\u00edtica de cambios y cancelaciones de reservas\"}]},{\"@type\":\"WebSite\",\"@id\":\"https:\/\/mmn.com.pe\/tour\/#website\",\"url\":\"https:\/\/mmn.com.pe\/tour\/\",\"name\":\"Bodega Najar\",\"description\":\"Todo comenz\u00f3 hace m\u00e1s de un siglo en el antiguo distrito conocido como la Pampa de Miraflores en Arequipa en 1854 por Don Pedro Mu\u00f1oz - Najar\",\"publisher\":{\"@id\":\"https:\/\/mmn.com.pe\/tour\/#organization\"},\"potentialAction\":[{\"@type\":\"SearchAction\",\"target\":{\"@type\":\"EntryPoint\",\"urlTemplate\":\"https:\/\/mmn.com.pe\/tour\/?s={search_term_string}\"},\"query-input\":{\"@type\":\"PropertyValueSpecification\",\"valueRequired\":true,\"valueName\":\"search_term_string\"}}],\"inLanguage\":\"es\"},{\"@type\":\"Organization\",\"@id\":\"https:\/\/mmn.com.pe\/tour\/#organization\",\"name\":\"Bodega Najar\",\"url\":\"https:\/\/mmn.com.pe\/tour\/\",\"logo\":{\"@type\":\"ImageObject\",\"inLanguage\":\"es\",\"@id\":\"https:\/\/mmn.com.pe\/tour\/#\/schema\/logo\/image\/\",\"url\":\"https:\/\/mmn.com.pe\/tour\/wp-content\/uploads\/2024\/03\/logo_negro.png\",\"contentUrl\":\"https:\/\/mmn.com.pe\/tour\/wp-content\/uploads\/2024\/03\/logo_negro.png\",\"width\":542,\"height\":334,\"caption\":\"Bodega Najar\"},\"image\":{\"@id\":\"https:\/\/mmn.com.pe\/tour\/#\/schema\/logo\/image\/\"},\"sameAs\":[\"https:\/\/www.facebook.com\/AnisNajarPeru\/\",\"https:\/\/www.instagram.com\/anisnajarpe\/\",\"https:\/\/www.tiktok.com\/@bodeganajar\"]}]}<\/script>\n<!-- \/ Yoast SEO Premium plugin. -->","yoast_head_json":{"title":"Pol\u00edtica de cambios y cancelaciones de reservas - Bodega Najar","robots":{"index":"index","follow":"follow","max-snippet":"max-snippet:-1","max-image-preview":"max-image-preview:large","max-video-preview":"max-video-preview:-1"},"canonical":"https:\/\/mmn.com.pe\/tour\/politica-de-cambios-y-cancelaciones-de-reservas\/","og_locale":"es_ES","og_type":"article","og_title":"Pol\u00edtica de cambios y cancelaciones de reservas","og_description":"Centro de Experiencias N\u00e1jar Cancelaciones con anticipaci\u00f3n Si la cancelaci\u00f3n se realiza con al menos 48 horas de anticipaci\u00f3n a la fecha de la reserva, se reembolsar\u00e1 el 100% del monto pagado o se podr\u00e1 reprogramar la visita sin costo adicional. Cancelaciones con menos de 48 horas de anticipaci\u00f3n Si la cancelaci\u00f3n se realiza entre [&hellip;]","og_url":"https:\/\/mmn.com.pe\/tour\/politica-de-cambios-y-cancelaciones-de-reservas\/","og_site_name":"Bodega Najar","article_publisher":"https:\/\/www.facebook.com\/AnisNajarPeru\/","article_modified_time":"2025-01-30T16:23:36+00:00","twitter_card":"summary_large_image","twitter_misc":{"Tiempo de lectura":"1 minuto"},"schema":{"@context":"https:\/\/schema.org","@graph":[{"@type":"WebPage","@id":"https:\/\/mmn.com.pe\/tour\/politica-de-cambios-y-cancelaciones-de-reservas\/","url":"https:\/\/mmn.com.pe\/tour\/politica-de-cambios-y-cancelaciones-de-reservas\/","name":"Pol\u00edtica de cambios y cancelaciones de reservas - Bodega Najar","isPartOf":{"@id":"https:\/\/mmn.com.pe\/tour\/#website"},"datePublished":"2024-08-09T16:56:05+00:00","dateModified":"2025-01-30T16:23:36+00:00","breadcrumb":{"@id":"https:\/\/mmn.com.pe\/tour\/politica-de-cambios-y-cancelaciones-de-reservas\/#breadcrumb"},"inLanguage":"es","potentialAction":[{"@type":"ReadAction","target":["https:\/\/mmn.com.pe\/tour\/politica-de-cambios-y-cancelaciones-de-reservas\/"]}]},{"@type":"BreadcrumbList","@id":"https:\/\/mmn.com.pe\/tour\/politica-de-cambios-y-cancelaciones-de-reservas\/#breadcrumb","itemListElement":[{"@type":"ListItem","position":1,"name":"Home","item":"https:\/\/mmn.com.pe\/tour\/"},{"@type":"ListItem","position":2,"name":"Pol\u00edtica de cambios y cancelaciones de reservas"}]},{"@type":"WebSite","@id":"https:\/\/mmn.com.pe\/tour\/#website","url":"https:\/\/mmn.com.pe\/tour\/","name":"Bodega Najar","description":"Todo comenz\u00f3 hace m\u00e1s de un siglo en el antiguo distrito conocido como la Pampa de Miraflores en Arequipa en 1854 por Don Pedro Mu\u00f1oz - Najar","publisher":{"@id":"https:\/\/mmn.com.pe\/tour\/#organization"},"potentialAction":[{"@type":"SearchAction","target":{"@type":"EntryPoint","urlTemplate":"https:\/\/mmn.com.pe\/tour\/?s={search_term_string}"},"query-input":{"@type":"PropertyValueSpecification","valueRequired":true,"valueName":"search_term_string"}}],"inLanguage":"es"},{"@type":"Organization","@id":"https:\/\/mmn.com.pe\/tour\/#organization","name":"Bodega Najar","url":"https:\/\/mmn.com.pe\/tour\/","logo":{"@type":"ImageObject","inLanguage":"es","@id":"https:\/\/mmn.com.pe\/tour\/#\/schema\/logo\/image\/","url":"https:\/\/mmn.com.pe\/tour\/wp-content\/uploads\/2024\/03\/logo_negro.png","contentUrl":"https:\/\/mmn.com.pe\/tour\/wp-content\/uploads\/2024\/03\/logo_negro.png","width":542,"height":334,"caption":"Bodega Najar"},"image":{"@id":"https:\/\/mmn.com.pe\/tour\/#\/schema\/logo\/image\/"},"sameAs":["https:\/\/www.facebook.com\/AnisNajarPeru\/","https:\/\/www.instagram.com\/anisnajarpe\/","https:\/\/www.tiktok.com\/@bodeganajar"]}]}},"_links":{"self":[{"href":"https:\/\/mmn.com.pe\/tour\/wp-json\/wp\/v2\/pages\/3167"}],"collection":[{"href":"https:\/\/mmn.com.pe\/tour\/wp-json\/wp\/v2\/pages"}],"about":[{"href":"https:\/\/mmn.com.pe\/tour\/wp-json\/wp\/v2\/types\/page"}],"author":[{"embeddable":true,"href":"https:\/\/mmn.com.pe\/tour\/wp-json\/wp\/v2\/users\/1"}],"replies":[{"embeddable":true,"href":"https:\/\/mmn.com.pe\/tour\/wp-json\/wp\/v2\/comments?post=3167"}],"version-history":[{"count":17,"href":"https:\/\/mmn.com.pe\/tour\/wp-json\/wp\/v2\/pages\/3167\/revisions"}],"predecessor-version":[{"id":3838,"href":"https:\/\/mmn.com.pe\/tour\/wp-json\/wp\/v2\/pages\/3167\/revisions\/3838"}],"wp:attachment":[{"href":"https:\/\/mmn.com.pe\/tour\/wp-json\/wp\/v2\/media?parent=3167"}],"curies":[{"name":"wp","href":"https:\/\/api.w.org\/{rel}","templated":true}]}}